{"id":57,"date":"2024-01-10T19:07:08","date_gmt":"2024-01-10T18:07:08","guid":{"rendered":"https:\/\/maysouaya.com\/?page_id=57"},"modified":"2024-02-11T22:05:11","modified_gmt":"2024-02-11T21:05:11","slug":"site-en-construction","status":"publish","type":"page","link":"https:\/\/maysouaya.com\/","title":{"rendered":""},"content":{"rendered":"<div class=\"alignwide art_content\">\n<div class=\"art_text\">\n<div class=\"art_title\">\n<h3><em>Au temps des coquillages<\/em><\/h3>\n\n<p class=\"alignwide art_desc\"> est une proposition po\u00e9tique et introspective dans l\u2019univers de l\u2019enfance et des souvenirs enfouis. L\u2019exposition invite \u00e0 explorer les m\u00e9andres de la m\u00e9moire, \u00e0 retrouver ses souvenirs d\u2019enfance et \u00e0 questionner la beaut\u00e9 fragile qui nous entoure. La m\u00e9moire en est le fil conducteur, tissant des liens entre pass\u00e9 et pr\u00e9sent, entre l\u2019innocence des premi\u00e8res ann\u00e9es et l\u2019exploration de l\u2019inconnu qui persiste \u00e0 travers le temps.<\/p>\n\n<\/div>\n<\/div>\n\n<div class=\"art_photo_principal\">\n\n<figure class=\"wp-block-image size-large\" style=\"\"><img loading=\"lazy\" decoding=\"async\" width=\"759\" height=\"1024\" src=\"https:\/\/maysouaya.com\/wp-content\/uploads\/2024\/02\/IMG_9150_petit-759x1024.png\" alt=\"\" class=\"wp-image-112 \" srcset=\"https:\/\/maysouaya.com\/wp-content\/uploads\/2024\/02\/IMG_9150_petit-759x1024.png 759w, https:\/\/maysouaya.com\/wp-content\/uploads\/2024\/02\/IMG_9150_petit-222x300.png 222w, https:\/\/maysouaya.com\/wp-content\/uploads\/2024\/02\/IMG_9150_petit-768x1036.png 768w, https:\/\/maysouaya.com\/wp-content\/uploads\/2024\/02\/IMG_9150_petit.png 872w\" sizes=\"auto, (max-width: 759px) 100vw, 759px\" \/><\/figure>\n\n<\/div>\n<div class=\"art_photo_secondaire\">\n\n<figure class=\"wp-block-image size-full\"><img loading=\"lazy\" decoding=\"async\" width=\"565\" height=\"719\" src=\"https:\/\/maysouaya.com\/wp-content\/uploads\/2024\/02\/PXL_20240129_100512794-1.png\" alt=\"\" class=\"wp-image-134\" srcset=\"https:\/\/maysouaya.com\/wp-content\/uploads\/2024\/02\/PXL_20240129_100512794-1.png 565w, https:\/\/maysouaya.com\/wp-content\/uploads\/2024\/02\/PXL_20240129_100512794-1-236x300.png 236w\" sizes=\"auto, (max-width: 565px) 100vw, 565px\" \/><\/figure>\n\n\n<figure class=\"wp-block-image size-full\"><img loading=\"lazy\" decoding=\"async\" width=\"565\" height=\"412\" src=\"https:\/\/maysouaya.com\/wp-content\/uploads\/2024\/02\/IMG_9354.png\" alt=\"\" class=\"wp-image-93\" srcset=\"https:\/\/maysouaya.com\/wp-content\/uploads\/2024\/02\/IMG_9354.png 565w, https:\/\/maysouaya.com\/wp-content\/uploads\/2024\/02\/IMG_9354-300x219.png 300w\" sizes=\"auto, (max-width: 565px) 100vw, 565px\" \/><\/figure>\n\n<\/div>\n<\/div>\n<div class=\"art_instagram\">\n<figure class=\"wp-block-image size-full\"><a href=\"https:\/\/www.instagram.com\/may.illustration\/\"><img decoding=\"async\" src=\"http:\/\/maysouaya.com\/wp-content\/uploads\/2024\/02\/Icon-akar-instagram-fill.png\"\/><\/a><\/figure>\n<\/div>\n\n<p class=\"has-text-align-center\">N\u2019h\u00e9sitez pas \u00e0 me contacter \u00e0 l\u2019adresse suivante : maysoua.y[@]gmail.com ou en laissant un message dans le formulaire ci-dessous.<\/p>\n\n<div class=\"wp-block-jetpack-contact-form\"><a href=\"https:\/\/maysouaya.com\/\" target=\"_blank\" rel=\"noopener noreferrer\">Soumettre un formulaire.<\/a><\/div>","protected":false},"excerpt":{"rendered":"<p>Au temps des coquillages est une proposition po\u00e9tique et introspective dans l\u2019univers de l\u2019enfance et des souvenirs enfouis. L\u2019exposition invite \u00e0 explorer les m\u00e9andres de la m\u00e9moire, \u00e0 retrouver ses souvenirs d\u2019enfance et \u00e0 questionner la beaut\u00e9 fragile qui nous entoure. La m\u00e9moire en est le fil conducteur, tissant des liens entre pass\u00e9 et pr\u00e9sent,<a class=\"more-link\" href=\"https:\/\/maysouaya.com\/\">Lire la suite <\/a><\/p>\n","protected":false},"author":2,"featured_media":0,"parent":0,"menu_order":0,"comment_status":"closed","ping_status":"closed","template":"","meta":{"footnotes":""},"class_list":["post-57","page","type-page","status-publish","hentry","entry"],"jetpack_sharing_enabled":true,"_links":{"self":[{"href":"https:\/\/maysouaya.com\/index.php\/wp-json\/wp\/v2\/pages\/57","targetHints":{"allow":["GET"]}}],"collection":[{"href":"https:\/\/maysouaya.com\/index.php\/wp-json\/wp\/v2\/pages"}],"about":[{"href":"https:\/\/maysouaya.com\/index.php\/wp-json\/wp\/v2\/types\/page"}],"author":[{"embeddable":true,"href":"https:\/\/maysouaya.com\/index.php\/wp-json\/wp\/v2\/users\/2"}],"replies":[{"embeddable":true,"href":"https:\/\/maysouaya.com\/index.php\/wp-json\/wp\/v2\/comments?post=57"}],"version-history":[{"count":91,"href":"https:\/\/maysouaya.com\/index.php\/wp-json\/wp\/v2\/pages\/57\/revisions"}],"predecessor-version":[{"id":273,"href":"https:\/\/maysouaya.com\/index.php\/wp-json\/wp\/v2\/pages\/57\/revisions\/273"}],"wp:attachment":[{"href":"https:\/\/maysouaya.com\/index.php\/wp-json\/wp\/v2\/media?parent=57"}],"curies":[{"name":"wp","href":"https:\/\/api.w.org\/{rel}","templated":true}]}}