{"id":40,"date":"2024-01-10T18:55:04","date_gmt":"2024-01-10T17:55:04","guid":{"rendered":"https:\/\/maysouaya.com\/?page_id=40"},"modified":"2024-02-11T22:25:00","modified_gmt":"2024-02-11T21:25:00","slug":"a-propos","status":"publish","type":"page","link":"https:\/\/maysouaya.com\/index.php\/a-propos\/","title":{"rendered":"A propos"},"content":{"rendered":"<div class=\"about\">\n<div class=\"about_text\">\n<div class=\"about_text_desc\">\n<p>Bas\u00e9e \u00e0 Rennes, May-Soua Ya est une artiste plasticienne et designer graphique. Apr\u00e8s 8 ans de carri\u00e8re dans le graphisme, elle d\u00e9cide de se consacrer \u00e0 des pratiques plus personnelles.<\/p>\n<p><\/p>\n<p>Lors de sa licence en Arts-Plastiques \u00e0 l\u2019universit\u00e9 de Rennes 2, elle a eu l\u2019occasion d\u2019\u00e9tudier au Japon pendant une ann\u00e9e d\u2019\u00e9change la peinture Nihonga (peinture traditionnelle japonaise) au d\u00e9partement des Beaux-Arts de l\u2019universit\u00e9 d\u2019Hiroshima. Il s\u2019agit d\u2019une technique qui se base sur l\u2019utilisation de mat\u00e9riaux naturels comme des pigments extraits de min\u00e9raux, de coquillages ou de plantes. Sur le principe d\u2019une peinture \u00e0 l\u2019eau, on vient peindre sur du papier washi maroufl\u00e9 sur un panel en bois.<\/p>\n<p><\/p>\n<p>Passionn\u00e9e depuis par la peinture traditionnelle japonaise, elle s\u2019int\u00e9resse \u00e9galement \u00e0 la mati\u00e8re qu\u2019elle aime exp\u00e9rimenter avec le papier et le textile. Nourrie par ses origines hmongs et ses diff\u00e9rents voyages, elle puise ses inspirations dans l\u2019art contemporain (Yayoi Kusama, Christian Boltanski) les arts traditionnels (broderie hmong et peinture japonaise) et dans la culture populaire (Yoshitaka Amano, James Jean). Elle travaille autour de plusieurs th\u00e9matiques comme l\u2019enfance et la m\u00e9moire, empreinte de po\u00e9sie et recherchant sans cesse un \u00e9quilibre entre h\u00e9ritage et cr\u00e9ation, douceur et friction, tout en questionnant le monde qui nous entoure.<\/p>\n<\/div>\n<\/div>\n<div class=\"about_photo\">\n<figure class=\"wp-block-image size-full\"><img loading=\"lazy\" decoding=\"async\" width=\"699\" height=\"741\" src=\"http:\/\/maysouaya.com\/wp-content\/uploads\/2024\/02\/photo-may.png\" alt=\"\" class=\"wp-image-230\" srcset=\"https:\/\/maysouaya.com\/wp-content\/uploads\/2024\/02\/photo-may.png 699w, https:\/\/maysouaya.com\/wp-content\/uploads\/2024\/02\/photo-may-283x300.png 283w\" sizes=\"auto, (max-width: 699px) 100vw, 699px\" \/><\/figure>\n<p>\u00a0<\/p><\/div>\n<\/div>\n<div class=\"about_exposition\" >\n<h4 >Exposition<\/h4>\n<div class=\"about_exposition\">\n<p>Le Grand Angle &#8211; 2023-2024<br \/>Exposition personnelle<\/p>\n<p>LPMA &#8211; 2023<br \/>Exposition collective<\/p>\n<p>LPMA &#8211; 2022<br \/>Exposition collective<\/p>\n<\/div>\n<\/div>\n","protected":false},"excerpt":{"rendered":"<p>Bas\u00e9e \u00e0 Rennes, May-Soua Ya est une artiste plasticienne et designer graphique. Apr\u00e8s 8 ans de carri\u00e8re dans le graphisme, elle d\u00e9cide de se consacrer \u00e0 des pratiques plus personnelles. Lors de sa licence en Arts-Plastiques \u00e0 l\u2019universit\u00e9 de Rennes 2, elle a eu l\u2019occasion d\u2019\u00e9tudier au Japon pendant une ann\u00e9e d\u2019\u00e9change la peinture Nihonga<a class=\"more-link\" href=\"https:\/\/maysouaya.com\/index.php\/a-propos\/\">Lire la suite <span class=\"screen-reader-text\">\u00ab\u00a0A propos\u00a0\u00bb<\/span><\/a><\/p>\n","protected":false},"author":2,"featured_media":0,"parent":0,"menu_order":0,"comment_status":"closed","ping_status":"closed","template":"","meta":{"footnotes":""},"class_list":["post-40","page","type-page","status-publish","hentry","entry"],"jetpack_sharing_enabled":true,"_links":{"self":[{"href":"https:\/\/maysouaya.com\/index.php\/wp-json\/wp\/v2\/pages\/40","targetHints":{"allow":["GET"]}}],"collection":[{"href":"https:\/\/maysouaya.com\/index.php\/wp-json\/wp\/v2\/pages"}],"about":[{"href":"https:\/\/maysouaya.com\/index.php\/wp-json\/wp\/v2\/types\/page"}],"author":[{"embeddable":true,"href":"https:\/\/maysouaya.com\/index.php\/wp-json\/wp\/v2\/users\/2"}],"replies":[{"embeddable":true,"href":"https:\/\/maysouaya.com\/index.php\/wp-json\/wp\/v2\/comments?post=40"}],"version-history":[{"count":23,"href":"https:\/\/maysouaya.com\/index.php\/wp-json\/wp\/v2\/pages\/40\/revisions"}],"predecessor-version":[{"id":286,"href":"https:\/\/maysouaya.com\/index.php\/wp-json\/wp\/v2\/pages\/40\/revisions\/286"}],"wp:attachment":[{"href":"https:\/\/maysouaya.com\/index.php\/wp-json\/wp\/v2\/media?parent=40"}],"curies":[{"name":"wp","href":"https:\/\/api.w.org\/{rel}","templated":true}]}}